{"id":28351,"date":"2026-03-29T11:28:37","date_gmt":"2026-03-29T10:28:37","guid":{"rendered":"https:\/\/badminton.square7.ch\/demo\/?page_id=28351"},"modified":"2026-03-29T11:28:37","modified_gmt":"2026-03-29T10:28:37","slug":"mitgliedsantrag-2","status":"publish","type":"page","link":"https:\/\/badminton.square7.ch\/demo\/mitgliedsantrag-2\/","title":{"rendered":"Mitgliedsantrag"},"content":{"rendered":"\t\t<div data-elementor-type=\"wp-page\" data-elementor-id=\"28351\" class=\"elementor elementor-28351\">\n\t\t\t\t\t\t<section class=\"elementor-section elementor-top-section elementor-element elementor-element-33e32eb7 elementor-section-boxed elementor-section-height-default elementor-section-height-default\" data-id=\"33e32eb7\" data-element_type=\"section\" data-e-type=\"section\">\n\t\t\t\t\t\t<div class=\"elementor-container elementor-column-gap-default\">\n\t\t\t\t\t<div class=\"elementor-column elementor-col-100 elementor-top-column elementor-element elementor-element-2608edf4\" data-id=\"2608edf4\" data-element_type=\"column\" data-e-type=\"column\">\n\t\t\t<div class=\"elementor-widget-wrap elementor-element-populated\">\n\t\t\t\t\t\t<div class=\"elementor-element elementor-element-56cfbb0 elementor-widget elementor-widget-text-editor\" data-id=\"56cfbb0\" data-element_type=\"widget\" data-e-type=\"widget\" data-widget_type=\"text-editor.default\">\n\t\t\t\t<div class=\"elementor-widget-container\">\n\t\t\t\t\t\t\t\t\t<p><span style=\"font-size: 20px; color: #000000;\">Hier k\u00f6nnt Ihr den Mitgliedsantrag f\u00fcr den 1. BV G\u00f6rlitz downloaden. Bitte runterladen, ausdrucken, ausf\u00fcllen\u00a0 und den Antrag als Papier an Karsten Putschke geben.\u00a0\u00a0<code><\/code><\/span><\/p><p><span style=\"font-size: 20px; color: #000000;\"><div class=\"sdm_download_button_box_default\"><div class=\"sdm_download_link\"><a href=\"https:\/\/badminton.square7.ch\/demo\/?sdm_process_download=1&#038;download_id=28018\" class=\"sdm_download green\" title=\"Aufnahmeantrag\" target=&quot;_blank&quot;>Jetzt herunterladen!<\/a><\/div><\/div><\/span><\/p>\t\t\t\t\t\t\t\t<\/div>\n\t\t\t\t<\/div>\n\t\t\t\t\t<\/div>\n\t\t<\/div>\n\t\t\t\t\t<\/div>\n\t\t<\/section>\n\t\t\t\t<\/div>\n\t\t","protected":false},"excerpt":{"rendered":"<p>Hier k\u00f6nnt Ihr den Mitgliedsantrag f\u00fcr den 1. BV G\u00f6rlitz downloaden. Bitte runterladen, ausdrucken, ausf\u00fcllen\u00a0 und den Antrag als Papier an Karsten Putschke geben.\u00a0\u00a0<\/p>\n","protected":false},"author":3,"featured_media":0,"parent":0,"menu_order":0,"comment_status":"closed","ping_status":"closed","template":"","meta":{"_custom_body_class":"","_custom_post_class":"","footnotes":""},"class_list":["post-28351","page","type-page","status-publish","hentry"],"_links":{"self":[{"href":"https:\/\/badminton.square7.ch\/demo\/wp-json\/wp\/v2\/pages\/28351","targetHints":{"allow":["GET"]}}],"collection":[{"href":"https:\/\/badminton.square7.ch\/demo\/wp-json\/wp\/v2\/pages"}],"about":[{"href":"https:\/\/badminton.square7.ch\/demo\/wp-json\/wp\/v2\/types\/page"}],"author":[{"embeddable":true,"href":"https:\/\/badminton.square7.ch\/demo\/wp-json\/wp\/v2\/users\/3"}],"replies":[{"embeddable":true,"href":"https:\/\/badminton.square7.ch\/demo\/wp-json\/wp\/v2\/comments?post=28351"}],"version-history":[{"count":2,"href":"https:\/\/badminton.square7.ch\/demo\/wp-json\/wp\/v2\/pages\/28351\/revisions"}],"predecessor-version":[{"id":28353,"href":"https:\/\/badminton.square7.ch\/demo\/wp-json\/wp\/v2\/pages\/28351\/revisions\/28353"}],"wp:attachment":[{"href":"https:\/\/badminton.square7.ch\/demo\/wp-json\/wp\/v2\/media?parent=28351"}],"curies":[{"name":"wp","href":"https:\/\/api.w.org\/{rel}","templated":true}]}}